{"id":1687,"date":"2019-05-15T18:44:23","date_gmt":"2019-05-15T16:44:23","guid":{"rendered":"https:\/\/garbram.com\/produkt\/1-garaz-6x5m-zloty-dab-3d-wiata-1m\/"},"modified":"2022-11-17T07:57:21","modified_gmt":"2022-11-17T06:57:21","slug":"doppelblechgarage-6mx5m-holzoptik-goldene-eiche-3d","status":"publish","type":"product","link":"https:\/\/garbram.com\/de\/produkt\/doppelblechgarage-6mx5m-holzoptik-goldene-eiche-3d\/","title":{"rendered":"Doppelblechgarage 6mx5m &#8211; Holzoptik GOLDENE EICHE 3D \/ Trapezblech horizontal gepr\u00e4gt \/ mit Montage"},"content":{"rendered":"","protected":false},"excerpt":{"rendered":"<p>Konstruktion der Garage :<br \/>\n2\u00d7 Torantrieb Marke-SOMMER \/4\u00d7 Fernbedienung<br \/>\nSatteldach: Trapezblech T12-mit Antikondensfilz \/Farbe RAL8017<br \/>\nGaragen k\u00f6nnen in den verf\u00fcgbaren Farben aus der RAL\/\/BTX PALLETE bestellt werden: 7016\/9005\/8004\/8017\/ocynk \/ Holzoptik:GOLDENE EICHE, NUSSBAUM.<br \/>\n2x Schwingtor, Holzoptik GOLDENE EICHE Trapezblech horizontal gepr\u00e4gt T20<br \/>\nW\u00e4nde : Holzoptik GOLDENE EICHE, Trapezblech horizontal gepr\u00e4gt T7<br \/>\nSatteldach besteht aus geschlossenen Stahlprofilen 30&#215;50 (Pulverbeschichtet schwarzen Stahl Deckgrund) mit zus\u00e4tzlich Stahlverst\u00e4rkungsbinder\/Gitterung (kaltgeformtes Winkeleisen), rest der Garage besteht aus schwarzen kaltgeformtes Winkeleisen (Pulverbeschichtet)<br \/>\nSchwingtor besteht aus geschlossenen schwarzen Stahlprofilen.<\/p>\n","protected":false},"featured_media":1589,"template":"","meta":[],"product_cat":[153,160],"product_tag":[],"acf":[],"yoast_head":"<!-- This site is optimized with the Yoast SEO plugin v20.10 - https:\/\/yoast.com\/wordpress\/plugins\/seo\/ -->\n<title>Doppelblechgarage 6mx5m - Holzoptik GOLDENE EICHE 3D \/ Trapezblech horizontal gepr\u00e4gt \/ mit Montage - Gar-Bram<\/title>\n<meta name=\"robots\" content=\"index, follow, max-snippet:-1, max-image-preview:large, max-video-preview:-1\" \/>\n<link rel=\"canonical\" href=\"https:\/\/garbram.com\/de\/produkt\/doppelblechgarage-6mx5m-holzoptik-goldene-eiche-3d\/\" \/>\n<meta property=\"og:locale\" content=\"de_DE\" \/>\n<meta property=\"og:type\" content=\"article\" \/>\n<meta property=\"og:title\" content=\"Doppelblechgarage 6mx5m - Holzoptik GOLDENE EICHE 3D \/ Trapezblech horizontal gepr\u00e4gt \/ mit Montage - Gar-Bram\" \/>\n<meta property=\"og:description\" content=\"Konstruktion der Garage : 2\u00d7 Torantrieb Marke-SOMMER \/4\u00d7 Fernbedienung Satteldach: Trapezblech T12-mit Antikondensfilz \/Farbe RAL8017 Garagen k\u00f6nnen in den verf\u00fcgbaren Farben aus der RAL\/\/BTX PALLETE bestellt werden: 7016\/9005\/8004\/8017\/ocynk \/ Holzoptik:GOLDENE EICHE, NUSSBAUM. 2x Schwingtor, Holzoptik GOLDENE EICHE Trapezblech horizontal gepr\u00e4gt T20 W\u00e4nde : Holzoptik GOLDENE EICHE, Trapezblech horizontal gepr\u00e4gt T7 Satteldach besteht aus geschlossenen Stahlprofilen 30x50 (Pulverbeschichtet schwarzen Stahl Deckgrund) mit zus\u00e4tzlich Stahlverst\u00e4rkungsbinder\/Gitterung (kaltgeformtes Winkeleisen), rest der Garage besteht aus schwarzen kaltgeformtes Winkeleisen (Pulverbeschichtet) Schwingtor besteht aus geschlossenen schwarzen Stahlprofilen.\" \/>\n<meta property=\"og:url\" content=\"https:\/\/garbram.com\/de\/produkt\/doppelblechgarage-6mx5m-holzoptik-goldene-eiche-3d\/\" \/>\n<meta property=\"og:site_name\" content=\"Gar-Bram\" \/>\n<meta property=\"article:modified_time\" content=\"2022-11-17T06:57:21+00:00\" \/>\n<meta property=\"og:image\" content=\"https:\/\/garbram.com\/wp-content\/uploads\/2020\/05\/IMG_20190621_152825.jpg\" \/>\n\t<meta property=\"og:image:width\" content=\"1440\" \/>\n\t<meta property=\"og:image:height\" content=\"1080\" \/>\n\t<meta property=\"og:image:type\" content=\"image\/jpeg\" \/>\n<meta name=\"twitter:card\" content=\"summary_large_image\" \/>\n<script type=\"application\/ld+json\" class=\"yoast-schema-graph\">{\"@context\":\"https:\/\/schema.org\",\"@graph\":[{\"@type\":\"WebPage\",\"@id\":\"https:\/\/garbram.com\/de\/produkt\/doppelblechgarage-6mx5m-holzoptik-goldene-eiche-3d\/\",\"url\":\"https:\/\/garbram.com\/de\/produkt\/doppelblechgarage-6mx5m-holzoptik-goldene-eiche-3d\/\",\"name\":\"Doppelblechgarage 6mx5m - Holzoptik GOLDENE EICHE 3D \/ Trapezblech horizontal gepr\u00e4gt \/ mit Montage - Gar-Bram\",\"isPartOf\":{\"@id\":\"https:\/\/garbram.com\/de\/#website\"},\"datePublished\":\"2019-05-15T16:44:23+00:00\",\"dateModified\":\"2022-11-17T06:57:21+00:00\",\"breadcrumb\":{\"@id\":\"https:\/\/garbram.com\/de\/produkt\/doppelblechgarage-6mx5m-holzoptik-goldene-eiche-3d\/#breadcrumb\"},\"inLanguage\":\"de\",\"potentialAction\":[{\"@type\":\"ReadAction\",\"target\":[\"https:\/\/garbram.com\/de\/produkt\/doppelblechgarage-6mx5m-holzoptik-goldene-eiche-3d\/\"]}]},{\"@type\":\"BreadcrumbList\",\"@id\":\"https:\/\/garbram.com\/de\/produkt\/doppelblechgarage-6mx5m-holzoptik-goldene-eiche-3d\/#breadcrumb\",\"itemListElement\":[{\"@type\":\"ListItem\",\"position\":1,\"name\":\"Strona g\u0142\u00f3wna\",\"item\":\"https:\/\/garbram.com\/de\/\"},{\"@type\":\"ListItem\",\"position\":2,\"name\":\"Shop\",\"item\":\"https:\/\/garbram.com\/de\/shop\/\"},{\"@type\":\"ListItem\",\"position\":3,\"name\":\"Doppelblechgarage 6mx5m &#8211; Holzoptik GOLDENE EICHE 3D \/ Trapezblech horizontal gepr\u00e4gt \/ mit Montage\"}]},{\"@type\":\"WebSite\",\"@id\":\"https:\/\/garbram.com\/de\/#website\",\"url\":\"https:\/\/garbram.com\/de\/\",\"name\":\"Gar-Bram\",\"description\":\"Garagenhersteller\",\"potentialAction\":[{\"@type\":\"SearchAction\",\"target\":{\"@type\":\"EntryPoint\",\"urlTemplate\":\"https:\/\/garbram.com\/de\/?s={search_term_string}\"},\"query-input\":\"required name=search_term_string\"}],\"inLanguage\":\"de\"}]}<\/script>\n<!-- \/ Yoast SEO plugin. -->","yoast_head_json":{"title":"Doppelblechgarage 6mx5m - Holzoptik GOLDENE EICHE 3D \/ Trapezblech horizontal gepr\u00e4gt \/ mit Montage - Gar-Bram","robots":{"index":"index","follow":"follow","max-snippet":"max-snippet:-1","max-image-preview":"max-image-preview:large","max-video-preview":"max-video-preview:-1"},"canonical":"https:\/\/garbram.com\/de\/produkt\/doppelblechgarage-6mx5m-holzoptik-goldene-eiche-3d\/","og_locale":"de_DE","og_type":"article","og_title":"Doppelblechgarage 6mx5m - Holzoptik GOLDENE EICHE 3D \/ Trapezblech horizontal gepr\u00e4gt \/ mit Montage - Gar-Bram","og_description":"Konstruktion der Garage : 2\u00d7 Torantrieb Marke-SOMMER \/4\u00d7 Fernbedienung Satteldach: Trapezblech T12-mit Antikondensfilz \/Farbe RAL8017 Garagen k\u00f6nnen in den verf\u00fcgbaren Farben aus der RAL\/\/BTX PALLETE bestellt werden: 7016\/9005\/8004\/8017\/ocynk \/ Holzoptik:GOLDENE EICHE, NUSSBAUM. 2x Schwingtor, Holzoptik GOLDENE EICHE Trapezblech horizontal gepr\u00e4gt T20 W\u00e4nde : Holzoptik GOLDENE EICHE, Trapezblech horizontal gepr\u00e4gt T7 Satteldach besteht aus geschlossenen Stahlprofilen 30x50 (Pulverbeschichtet schwarzen Stahl Deckgrund) mit zus\u00e4tzlich Stahlverst\u00e4rkungsbinder\/Gitterung (kaltgeformtes Winkeleisen), rest der Garage besteht aus schwarzen kaltgeformtes Winkeleisen (Pulverbeschichtet) Schwingtor besteht aus geschlossenen schwarzen Stahlprofilen.","og_url":"https:\/\/garbram.com\/de\/produkt\/doppelblechgarage-6mx5m-holzoptik-goldene-eiche-3d\/","og_site_name":"Gar-Bram","article_modified_time":"2022-11-17T06:57:21+00:00","og_image":[{"width":1440,"height":1080,"url":"https:\/\/garbram.com\/wp-content\/uploads\/2020\/05\/IMG_20190621_152825.jpg","type":"image\/jpeg"}],"twitter_card":"summary_large_image","schema":{"@context":"https:\/\/schema.org","@graph":[{"@type":"WebPage","@id":"https:\/\/garbram.com\/de\/produkt\/doppelblechgarage-6mx5m-holzoptik-goldene-eiche-3d\/","url":"https:\/\/garbram.com\/de\/produkt\/doppelblechgarage-6mx5m-holzoptik-goldene-eiche-3d\/","name":"Doppelblechgarage 6mx5m - Holzoptik GOLDENE EICHE 3D \/ Trapezblech horizontal gepr\u00e4gt \/ mit Montage - Gar-Bram","isPartOf":{"@id":"https:\/\/garbram.com\/de\/#website"},"datePublished":"2019-05-15T16:44:23+00:00","dateModified":"2022-11-17T06:57:21+00:00","breadcrumb":{"@id":"https:\/\/garbram.com\/de\/produkt\/doppelblechgarage-6mx5m-holzoptik-goldene-eiche-3d\/#breadcrumb"},"inLanguage":"de","potentialAction":[{"@type":"ReadAction","target":["https:\/\/garbram.com\/de\/produkt\/doppelblechgarage-6mx5m-holzoptik-goldene-eiche-3d\/"]}]},{"@type":"BreadcrumbList","@id":"https:\/\/garbram.com\/de\/produkt\/doppelblechgarage-6mx5m-holzoptik-goldene-eiche-3d\/#breadcrumb","itemListElement":[{"@type":"ListItem","position":1,"name":"Strona g\u0142\u00f3wna","item":"https:\/\/garbram.com\/de\/"},{"@type":"ListItem","position":2,"name":"Shop","item":"https:\/\/garbram.com\/de\/shop\/"},{"@type":"ListItem","position":3,"name":"Doppelblechgarage 6mx5m &#8211; Holzoptik GOLDENE EICHE 3D \/ Trapezblech horizontal gepr\u00e4gt \/ mit Montage"}]},{"@type":"WebSite","@id":"https:\/\/garbram.com\/de\/#website","url":"https:\/\/garbram.com\/de\/","name":"Gar-Bram","description":"Garagenhersteller","potentialAction":[{"@type":"SearchAction","target":{"@type":"EntryPoint","urlTemplate":"https:\/\/garbram.com\/de\/?s={search_term_string}"},"query-input":"required name=search_term_string"}],"inLanguage":"de"}]}},"_links":{"self":[{"href":"https:\/\/garbram.com\/de\/wp-json\/wp\/v2\/product\/1687"}],"collection":[{"href":"https:\/\/garbram.com\/de\/wp-json\/wp\/v2\/product"}],"about":[{"href":"https:\/\/garbram.com\/de\/wp-json\/wp\/v2\/types\/product"}],"wp:featuredmedia":[{"embeddable":true,"href":"https:\/\/garbram.com\/de\/wp-json\/wp\/v2\/media\/1589"}],"wp:attachment":[{"href":"https:\/\/garbram.com\/de\/wp-json\/wp\/v2\/media?parent=1687"}],"wp:term":[{"taxonomy":"product_cat","embeddable":true,"href":"https:\/\/garbram.com\/de\/wp-json\/wp\/v2\/product_cat?post=1687"},{"taxonomy":"product_tag","embeddable":true,"href":"https:\/\/garbram.com\/de\/wp-json\/wp\/v2\/product_tag?post=1687"}],"curies":[{"name":"wp","href":"https:\/\/api.w.org\/{rel}","templated":true}]}}